{"id":1403,"date":"2025-08-09T20:23:18","date_gmt":"2025-08-09T18:23:18","guid":{"rendered":"https:\/\/maquette.restaurant-vitre.fr\/mentions-legales\/"},"modified":"2025-09-02T18:58:53","modified_gmt":"2025-09-02T16:58:53","slug":"mentions-legales","status":"publish","type":"page","link":"https:\/\/restaurant-vitre.fr\/en\/mentions-legales\/","title":{"rendered":"Legals"},"content":{"rendered":"\n<div class=\"wp-block-uagb-container uagb-layout-flex uagb-block-f2002f91 alignfull uagb-is-root-container\"><div class=\"uagb-container-inner-blocks-wrap\">\n<h1 class=\"wp-block-heading has-text-align-center has-ast-global-color-7-color has-text-color has-link-color wp-elements-ff96d59cdd287ba1acdac30c20135a95\">Legals<\/h1>\n<\/div><\/div>\n\n\n\n<div class=\"wp-block-uagb-container uagb-layout-flex uagb-block-c3878d39 alignfull uagb-is-root-container\"><div class=\"uagb-container-inner-blocks-wrap\">\n<div class=\"wp-block-uagb-container uagb-block-3d8384cc\">\n<div style=\"height:30px\" aria-hidden=\"true\" class=\"wp-block-spacer\"><\/div>\n\n\n\n<p>Le site et son contenu sont r\u00e9gis par le Droit Fran\u00e7ais, et tout litige \u00e9ventuel s\u2019y rapportant sera soumis \u00e0 la comp\u00e9tence des tribunaux fran\u00e7ais.<\/p>\n\n\n\n<p><\/p>\n\n\n\n<h2 class=\"wp-block-heading\">Edition, Publication<\/h2>\n\n\n\n<p>\u00c9diteur du site :<br>LA SOUPE AUX CHOUX &#8211; 32 RUE NOTRE DAME 35500 VITRE<br>SARL au capital de 71 400 \u20ac <br>SIRET 48091861400011 &#8211; TVA intra. FR67480918614<\/p>\n\n\n\n<p>Directeur de publication :<br>M. MORIN&nbsp;<\/p>\n\n\n\n<p>H\u00e9bergeur du site :<br>Datacenter OVH, Roubaix<\/p>\n\n\n\n<p><\/p>\n\n\n\n<h2 class=\"wp-block-heading\">Propri\u00e9t\u00e9 Intellectuelle<\/h2>\n\n\n\n<p>Son contenu (pages, textes, graphiques,\u2026) est prot\u00e9g\u00e9 par les lois en vigueur sur la propri\u00e9t\u00e9 intellectuelle et font l\u2019objet d\u2019une autorisation d\u2019utilisation.<\/p>\n\n\n\n<p>Tous les droits concernant les contenus de ce site sont r\u00e9serv\u00e9s. Aucun \u00e9l\u00e9ment composant ce site ne peut \u00eatre copi\u00e9, reproduit, modifi\u00e9, d\u00e9natur\u00e9, transmis, de fa\u00e7on partielle ou int\u00e9grale, sans l\u2019autorisation \u00e9crite et pr\u00e9alable.<\/p>\n\n\n\n<p>La copie \u00e0 usage priv\u00e9 sur ordinateur personnel est autoris\u00e9e pour usage personnel et non commercial.<\/p>\n\n\n\n<p><\/p>\n\n\n\n<h2 class=\"wp-block-heading\">Informations Nominatives<\/h2>\n\n\n\n<p>Les donn\u00e9es personnelles que vous nous communiquerez sur ce site ne seront pas transmises \u00e0 des tiers. Elles ne seront utilis\u00e9es que dans le but de vous servir ou vous r\u00e9pondre le plus efficacement possible.<br><br>En application de la Loi n\u00b0 78-17 du 6 janvier 1978 relative \u00e0 l\u2019Informatique, aux Fichiers et aux Libert\u00e9s, vous disposez des droits d\u2019opposition (art. 26 de la loi), d\u2019acc\u00e8s (art.34 \u00e0 38 de la loi) et de rectification (art. 36 de la loi) des donn\u00e9es vous concernant. Ainsi, vous pouvez exiger que soient rectifi\u00e9es, compl\u00e9t\u00e9es, mises \u00e0 jour ou effac\u00e9es les informations vous concernant qui sont inexactes, incompl\u00e8tes, \u00e9quivoques, p\u00e9rim\u00e9es ou dont la collecte ou l\u2019utilisation, la communication ou la conservation est interdite.<\/p>\n\n\n\n<p>Pour exercer votre droit d\u2019acc\u00e8s, de modification, de rectification et de suppression des donn\u00e9es personnelles qui vous concernent, vous pouvez en faire la demande par voie postale.<\/p>\n\n\n\n<p><\/p>\n\n\n\n<h2 class=\"wp-block-heading\">Limitations De Responsabilit\u00e9<\/h2>\n\n\n\n<p>Nous nous effor\u00e7ons au mieux de nos possibilit\u00e9s de garantir l\u2019exactitude et la mise \u00e0 jour des informations diffus\u00e9es sur notre site. Nous nous r\u00e9servons le droit de corriger \u00e0 tout moment et sans pr\u00e9avis son contenu. N\u00e9anmoins nous ne pouvons garantir l\u2019exhaustivit\u00e9 ou l\u2019enti\u00e8re exactitude des informations mises \u00e0 la disposition sur le site<\/p>\n\n\n\n<p>En cons\u00e9quence, nous d\u00e9clinons toute responsabilit\u00e9 pour toute impr\u00e9cision, inexactitude ou omission portant sur des informations disponibles sur le site.<\/p>\n\n\n\n<p><\/p>\n\n\n\n<h2 class=\"wp-block-heading\">Disponibilit\u00e9<\/h2>\n\n\n\n<p>Le fonctionnement du site peut \u00eatre affect\u00e9 par des \u00e9v\u00e9nements que nous ne contr\u00f4lons pas, tels que par exemple, des pannes r\u00e9seau ou de transmission entre votre poste informatique, le r\u00e9seau internet, votre fournisseur d\u2019acc\u00e8s, notre h\u00e9bergeur.<\/p>\n\n\n\n<p>Nous, nos fournisseurs de services ou h\u00e9bergeur, nous r\u00e9servons \u00e9galement le droit, \u00e0 tout moment, d\u2019interrompre temporairement, tout ou partie du site pour effectuer des op\u00e9rations de maintenance, des am\u00e9liorations ou des modifications sur le site ou le serveur qui l\u2019h\u00e9berge sans \u00eatre tenus pour responsables de ces suspensions ou interruptions.<\/p>\n\n\n\n<p><\/p>\n\n\n\n<h2 class=\"wp-block-heading\" id=\"confidentialite\">Cookies<\/h2>\n\n\n\n<p>Le site utilise l\u2019outil Google Analytics afin d\u2019obtenir des \u00e9l\u00e9ments statistiques sur la fr\u00e9quentation de ses visiteurs. Reportez-vous \u00e0 la politique de protection des donn\u00e9es de Google pour plus d\u2019information sur la gestion des Cookies de Google Analytics<\/p>\n\n\n\n<p><\/p>\n\n\n\n<h2 class=\"wp-block-heading\">Politique De Confidentialit\u00e9<\/h2>\n\n\n\n<p>Les informations recueillies sur ce \u00ab formulaire\/site \u00bb sont enregistr\u00e9es dans un fichier informatis\u00e9 pour la gestion de la relation client, la r\u00e9alisation de nos prestations, l\u2019information de nos prospects et de nos clients<\/p>\n\n\n\n<p>Elles sont conserv\u00e9es pendant 3 ans et sont uniquement destin\u00e9es \u00e0 l\u2019\u00e9quipe. Nous ne transmettons pas ces informations \u00e0 aucun tiers (partenaires commerciaux, etc).<\/p>\n\n\n\n<p>Conform\u00e9ment \u00e0 la loi \u00ab informatique et libert\u00e9s \u00bb, vous pouvez exercer votre droit d\u2019acc\u00e8s aux donn\u00e9es vous concernant et les faire rectifier en nous contactant par email<\/p>\n<\/div>\n\n\n\n<div style=\"height:30px\" aria-hidden=\"true\" class=\"wp-block-spacer\"><\/div>\n<\/div><\/div>\n","protected":false},"excerpt":{"rendered":"<p>Legals Le site et son contenu sont r\u00e9gis par le Droit Fran\u00e7ais, et tout litige \u00e9ventuel s\u2019y rapportant sera soumis \u00e0 la comp\u00e9tence des tribunaux fran\u00e7ais. Edition, Publication \u00c9diteur du site :LA SOUPE AUX CHOUX &#8211; 32 RUE NOTRE DAME 35500 VITRESARL au capital de 71 400 \u20ac SIRET 48091861400011 &#8211; TVA intra. FR67480918614 Directeur [&hellip;]<\/p>\n","protected":false},"author":1,"featured_media":1376,"parent":0,"menu_order":0,"comment_status":"closed","ping_status":"closed","template":"","meta":{"_uag_custom_page_level_css":"","site-sidebar-layout":"no-sidebar","site-content-layout":"plain-container","ast-site-content-layout":"normal-width-container","site-content-style":"unboxed","site-sidebar-style":"unboxed","ast-global-header-display":"","ast-banner-title-visibility":"","ast-main-header-display":"","ast-hfb-above-header-display":"","ast-hfb-below-header-display":"","ast-hfb-mobile-header-display":"","site-post-title":"disabled","ast-breadcrumbs-content":"","ast-featured-img":"disabled","footer-sml-layout":"","ast-disable-related-posts":"","theme-transparent-header-meta":"enabled","adv-header-id-meta":"","stick-header-meta":"","header-above-stick-meta":"","header-main-stick-meta":"","header-below-stick-meta":"","astra-migrate-meta-layouts":"set","ast-page-background-enabled":"default","ast-page-background-meta":{"desktop":{"background-color":"var(--ast-global-color-4)","background-image":"","background-repeat":"repeat","background-position":"center center","background-size":"auto","background-attachment":"scroll","background-type":"","background-media":"","overlay-type":"","overlay-color":"","overlay-opacity":"","overlay-gradient":""},"tablet":{"background-color":"","background-image":"","background-repeat":"repeat","background-position":"center center","background-size":"auto","background-attachment":"scroll","background-type":"","background-media":"","overlay-type":"","overlay-color":"","overlay-opacity":"","overlay-gradient":""},"mobile":{"background-color":"","background-image":"","background-repeat":"repeat","background-position":"center center","background-size":"auto","background-attachment":"scroll","background-type":"","background-media":"","overlay-type":"","overlay-color":"","overlay-opacity":"","overlay-gradient":""}},"ast-content-background-meta":{"desktop":{"background-color":"var(--ast-global-color-5)","background-image":"","background-repeat":"repeat","background-position":"center center","background-size":"auto","background-attachment":"scroll","background-type":"","background-media":"","overlay-type":"","overlay-color":"","overlay-opacity":"","overlay-gradient":""},"tablet":{"background-color":"var(--ast-global-color-5)","background-image":"","background-repeat":"repeat","background-position":"center center","background-size":"auto","background-attachment":"scroll","background-type":"","background-media":"","overlay-type":"","overlay-color":"","overlay-opacity":"","overlay-gradient":""},"mobile":{"background-color":"var(--ast-global-color-5)","background-image":"","background-repeat":"repeat","background-position":"center center","background-size":"auto","background-attachment":"scroll","background-type":"","background-media":"","overlay-type":"","overlay-color":"","overlay-opacity":"","overlay-gradient":""}},"_vp_format_video_url":"","_vp_image_focal_point":[],"footnotes":""},"class_list":["post-1403","page","type-page","status-publish","has-post-thumbnail","hentry"],"yoast_head":"<!-- This site is optimized with the Yoast SEO plugin v27.3 - https:\/\/yoast.com\/product\/yoast-seo-wordpress\/ -->\n<title>Legals - La soupe aux choux - Restaurant<\/title>\n<meta name=\"robots\" content=\"index, follow, max-snippet:-1, max-image-preview:large, max-video-preview:-1\" \/>\n<link rel=\"canonical\" href=\"https:\/\/restaurant-vitre.fr\/en\/mentions-legales\/\" \/>\n<meta property=\"og:locale\" content=\"en_US\" \/>\n<meta property=\"og:type\" content=\"article\" \/>\n<meta property=\"og:title\" content=\"Legals - La soupe aux choux - Restaurant\" \/>\n<meta property=\"og:description\" content=\"Legals Le site et son contenu sont r\u00e9gis par le Droit Fran\u00e7ais, et tout litige \u00e9ventuel s\u2019y rapportant sera soumis \u00e0 la comp\u00e9tence des tribunaux fran\u00e7ais. Edition, Publication \u00c9diteur du site :LA SOUPE AUX CHOUX &#8211; 32 RUE NOTRE DAME 35500 VITRESARL au capital de 71 400 \u20ac SIRET 48091861400011 &#8211; TVA intra. FR67480918614 Directeur [&hellip;]\" \/>\n<meta property=\"og:url\" content=\"https:\/\/restaurant-vitre.fr\/en\/mentions-legales\/\" \/>\n<meta property=\"og:site_name\" content=\"La soupe aux choux - Restaurant\" \/>\n<meta property=\"article:modified_time\" content=\"2025-09-02T16:58:53+00:00\" \/>\n<meta property=\"og:image\" content=\"https:\/\/restaurant-vitre.fr\/wp-content\/uploads\/2025\/08\/meat4.jpg\" \/>\n\t<meta property=\"og:image:width\" content=\"1920\" \/>\n\t<meta property=\"og:image:height\" content=\"1080\" \/>\n\t<meta property=\"og:image:type\" content=\"image\/jpeg\" \/>\n<script type=\"application\/ld+json\" class=\"yoast-schema-graph\">{\"@context\":\"https:\\\/\\\/schema.org\",\"@graph\":[{\"@type\":\"WebPage\",\"@id\":\"https:\\\/\\\/restaurant-vitre.fr\\\/en\\\/mentions-legales\\\/\",\"url\":\"https:\\\/\\\/restaurant-vitre.fr\\\/en\\\/mentions-legales\\\/\",\"name\":\"Legals - La soupe aux choux - Restaurant\",\"isPartOf\":{\"@id\":\"https:\\\/\\\/restaurant-vitre.fr\\\/en\\\/#website\"},\"primaryImageOfPage\":{\"@id\":\"https:\\\/\\\/restaurant-vitre.fr\\\/en\\\/mentions-legales\\\/#primaryimage\"},\"image\":{\"@id\":\"https:\\\/\\\/restaurant-vitre.fr\\\/en\\\/mentions-legales\\\/#primaryimage\"},\"thumbnailUrl\":\"https:\\\/\\\/restaurant-vitre.fr\\\/wp-content\\\/uploads\\\/2025\\\/08\\\/meat4.jpg\",\"datePublished\":\"2025-08-09T18:23:18+00:00\",\"dateModified\":\"2025-09-02T16:58:53+00:00\",\"breadcrumb\":{\"@id\":\"https:\\\/\\\/restaurant-vitre.fr\\\/en\\\/mentions-legales\\\/#breadcrumb\"},\"inLanguage\":\"en-US\",\"potentialAction\":[{\"@type\":\"ReadAction\",\"target\":[\"https:\\\/\\\/restaurant-vitre.fr\\\/en\\\/mentions-legales\\\/\"]}]},{\"@type\":\"ImageObject\",\"inLanguage\":\"en-US\",\"@id\":\"https:\\\/\\\/restaurant-vitre.fr\\\/en\\\/mentions-legales\\\/#primaryimage\",\"url\":\"https:\\\/\\\/restaurant-vitre.fr\\\/wp-content\\\/uploads\\\/2025\\\/08\\\/meat4.jpg\",\"contentUrl\":\"https:\\\/\\\/restaurant-vitre.fr\\\/wp-content\\\/uploads\\\/2025\\\/08\\\/meat4.jpg\",\"width\":1920,\"height\":1080},{\"@type\":\"BreadcrumbList\",\"@id\":\"https:\\\/\\\/restaurant-vitre.fr\\\/en\\\/mentions-legales\\\/#breadcrumb\",\"itemListElement\":[{\"@type\":\"ListItem\",\"position\":1,\"name\":\"Accueil\",\"item\":\"https:\\\/\\\/restaurant-vitre.fr\\\/en\\\/\"},{\"@type\":\"ListItem\",\"position\":2,\"name\":\"Legals\"}]},{\"@type\":\"WebSite\",\"@id\":\"https:\\\/\\\/restaurant-vitre.fr\\\/en\\\/#website\",\"url\":\"https:\\\/\\\/restaurant-vitre.fr\\\/en\\\/\",\"name\":\"La soupe aux choux - Restaurant\",\"description\":\"\",\"publisher\":{\"@id\":\"https:\\\/\\\/restaurant-vitre.fr\\\/en\\\/#organization\"},\"potentialAction\":[{\"@type\":\"SearchAction\",\"target\":{\"@type\":\"EntryPoint\",\"urlTemplate\":\"https:\\\/\\\/restaurant-vitre.fr\\\/en\\\/?s={search_term_string}\"},\"query-input\":{\"@type\":\"PropertyValueSpecification\",\"valueRequired\":true,\"valueName\":\"search_term_string\"}}],\"inLanguage\":\"en-US\"},{\"@type\":\"Organization\",\"@id\":\"https:\\\/\\\/restaurant-vitre.fr\\\/en\\\/#organization\",\"name\":\"La soupe aux choux\",\"url\":\"https:\\\/\\\/restaurant-vitre.fr\\\/en\\\/\",\"logo\":{\"@type\":\"ImageObject\",\"inLanguage\":\"en-US\",\"@id\":\"https:\\\/\\\/restaurant-vitre.fr\\\/en\\\/#\\\/schema\\\/logo\\\/image\\\/\",\"url\":\"https:\\\/\\\/restaurant-vitre.fr\\\/wp-content\\\/uploads\\\/2025\\\/08\\\/logo-la-soupe-aux-choux.png\",\"contentUrl\":\"https:\\\/\\\/restaurant-vitre.fr\\\/wp-content\\\/uploads\\\/2025\\\/08\\\/logo-la-soupe-aux-choux.png\",\"width\":207,\"height\":207,\"caption\":\"La soupe aux choux\"},\"image\":{\"@id\":\"https:\\\/\\\/restaurant-vitre.fr\\\/en\\\/#\\\/schema\\\/logo\\\/image\\\/\"}}]}<\/script>\n<!-- \/ Yoast SEO plugin. -->","yoast_head_json":{"title":"Legals - La soupe aux choux - Restaurant","robots":{"index":"index","follow":"follow","max-snippet":"max-snippet:-1","max-image-preview":"max-image-preview:large","max-video-preview":"max-video-preview:-1"},"canonical":"https:\/\/restaurant-vitre.fr\/en\/mentions-legales\/","og_locale":"en_US","og_type":"article","og_title":"Legals - La soupe aux choux - Restaurant","og_description":"Legals Le site et son contenu sont r\u00e9gis par le Droit Fran\u00e7ais, et tout litige \u00e9ventuel s\u2019y rapportant sera soumis \u00e0 la comp\u00e9tence des tribunaux fran\u00e7ais. Edition, Publication \u00c9diteur du site :LA SOUPE AUX CHOUX &#8211; 32 RUE NOTRE DAME 35500 VITRESARL au capital de 71 400 \u20ac SIRET 48091861400011 &#8211; TVA intra. FR67480918614 Directeur [&hellip;]","og_url":"https:\/\/restaurant-vitre.fr\/en\/mentions-legales\/","og_site_name":"La soupe aux choux - Restaurant","article_modified_time":"2025-09-02T16:58:53+00:00","og_image":[{"width":1920,"height":1080,"url":"https:\/\/restaurant-vitre.fr\/wp-content\/uploads\/2025\/08\/meat4.jpg","type":"image\/jpeg"}],"schema":{"@context":"https:\/\/schema.org","@graph":[{"@type":"WebPage","@id":"https:\/\/restaurant-vitre.fr\/en\/mentions-legales\/","url":"https:\/\/restaurant-vitre.fr\/en\/mentions-legales\/","name":"Legals - La soupe aux choux - Restaurant","isPartOf":{"@id":"https:\/\/restaurant-vitre.fr\/en\/#website"},"primaryImageOfPage":{"@id":"https:\/\/restaurant-vitre.fr\/en\/mentions-legales\/#primaryimage"},"image":{"@id":"https:\/\/restaurant-vitre.fr\/en\/mentions-legales\/#primaryimage"},"thumbnailUrl":"https:\/\/restaurant-vitre.fr\/wp-content\/uploads\/2025\/08\/meat4.jpg","datePublished":"2025-08-09T18:23:18+00:00","dateModified":"2025-09-02T16:58:53+00:00","breadcrumb":{"@id":"https:\/\/restaurant-vitre.fr\/en\/mentions-legales\/#breadcrumb"},"inLanguage":"en-US","potentialAction":[{"@type":"ReadAction","target":["https:\/\/restaurant-vitre.fr\/en\/mentions-legales\/"]}]},{"@type":"ImageObject","inLanguage":"en-US","@id":"https:\/\/restaurant-vitre.fr\/en\/mentions-legales\/#primaryimage","url":"https:\/\/restaurant-vitre.fr\/wp-content\/uploads\/2025\/08\/meat4.jpg","contentUrl":"https:\/\/restaurant-vitre.fr\/wp-content\/uploads\/2025\/08\/meat4.jpg","width":1920,"height":1080},{"@type":"BreadcrumbList","@id":"https:\/\/restaurant-vitre.fr\/en\/mentions-legales\/#breadcrumb","itemListElement":[{"@type":"ListItem","position":1,"name":"Accueil","item":"https:\/\/restaurant-vitre.fr\/en\/"},{"@type":"ListItem","position":2,"name":"Legals"}]},{"@type":"WebSite","@id":"https:\/\/restaurant-vitre.fr\/en\/#website","url":"https:\/\/restaurant-vitre.fr\/en\/","name":"La soupe aux choux - Restaurant","description":"","publisher":{"@id":"https:\/\/restaurant-vitre.fr\/en\/#organization"},"potentialAction":[{"@type":"SearchAction","target":{"@type":"EntryPoint","urlTemplate":"https:\/\/restaurant-vitre.fr\/en\/?s={search_term_string}"},"query-input":{"@type":"PropertyValueSpecification","valueRequired":true,"valueName":"search_term_string"}}],"inLanguage":"en-US"},{"@type":"Organization","@id":"https:\/\/restaurant-vitre.fr\/en\/#organization","name":"La soupe aux choux","url":"https:\/\/restaurant-vitre.fr\/en\/","logo":{"@type":"ImageObject","inLanguage":"en-US","@id":"https:\/\/restaurant-vitre.fr\/en\/#\/schema\/logo\/image\/","url":"https:\/\/restaurant-vitre.fr\/wp-content\/uploads\/2025\/08\/logo-la-soupe-aux-choux.png","contentUrl":"https:\/\/restaurant-vitre.fr\/wp-content\/uploads\/2025\/08\/logo-la-soupe-aux-choux.png","width":207,"height":207,"caption":"La soupe aux choux"},"image":{"@id":"https:\/\/restaurant-vitre.fr\/en\/#\/schema\/logo\/image\/"}}]}},"uagb_featured_image_src":{"full":["https:\/\/restaurant-vitre.fr\/wp-content\/uploads\/2025\/08\/meat4.jpg",1920,1080,false],"thumbnail":["https:\/\/restaurant-vitre.fr\/wp-content\/uploads\/2025\/08\/meat4-150x150.jpg",150,150,true],"medium":["https:\/\/restaurant-vitre.fr\/wp-content\/uploads\/2025\/08\/meat4-300x169.jpg",300,169,true],"medium_large":["https:\/\/restaurant-vitre.fr\/wp-content\/uploads\/2025\/08\/meat4-768x432.jpg",768,432,true],"large":["https:\/\/restaurant-vitre.fr\/wp-content\/uploads\/2025\/08\/meat4-1024x576.jpg",1024,576,true],"1536x1536":["https:\/\/restaurant-vitre.fr\/wp-content\/uploads\/2025\/08\/meat4-1536x864.jpg",1536,864,true],"2048x2048":["https:\/\/restaurant-vitre.fr\/wp-content\/uploads\/2025\/08\/meat4.jpg",1920,1080,false],"vp_sm":["https:\/\/restaurant-vitre.fr\/wp-content\/uploads\/2025\/08\/meat4-500x281.jpg",500,281,true],"vp_md":["https:\/\/restaurant-vitre.fr\/wp-content\/uploads\/2025\/08\/meat4-800x450.jpg",800,450,true],"vp_lg":["https:\/\/restaurant-vitre.fr\/wp-content\/uploads\/2025\/08\/meat4-1280x720.jpg",1280,720,true],"vp_xl":["https:\/\/restaurant-vitre.fr\/wp-content\/uploads\/2025\/08\/meat4.jpg",1920,1080,false],"vp_sm_popup":["https:\/\/restaurant-vitre.fr\/wp-content\/uploads\/2025\/08\/meat4-500x281.jpg",500,281,true],"vp_md_popup":["https:\/\/restaurant-vitre.fr\/wp-content\/uploads\/2025\/08\/meat4-800x450.jpg",800,450,true],"vp_xl_popup":["https:\/\/restaurant-vitre.fr\/wp-content\/uploads\/2025\/08\/meat4.jpg",1920,1080,false]},"uagb_author_info":{"display_name":"ibw","author_link":"https:\/\/restaurant-vitre.fr\/en\/author\/ibw\/"},"uagb_comment_info":0,"uagb_excerpt":"Legals Le site et son contenu sont r\u00e9gis par le Droit Fran\u00e7ais, et tout litige \u00e9ventuel s\u2019y rapportant sera soumis \u00e0 la comp\u00e9tence des tribunaux fran\u00e7ais. Edition, Publication \u00c9diteur du site :LA SOUPE AUX CHOUX &#8211; 32 RUE NOTRE DAME 35500 VITRESARL au capital de 71 400 \u20ac SIRET 48091861400011 &#8211; TVA intra. FR67480918614 Directeur&hellip;","_links":{"self":[{"href":"https:\/\/restaurant-vitre.fr\/en\/wp-json\/wp\/v2\/pages\/1403","targetHints":{"allow":["GET"]}}],"collection":[{"href":"https:\/\/restaurant-vitre.fr\/en\/wp-json\/wp\/v2\/pages"}],"about":[{"href":"https:\/\/restaurant-vitre.fr\/en\/wp-json\/wp\/v2\/types\/page"}],"author":[{"embeddable":true,"href":"https:\/\/restaurant-vitre.fr\/en\/wp-json\/wp\/v2\/users\/1"}],"replies":[{"embeddable":true,"href":"https:\/\/restaurant-vitre.fr\/en\/wp-json\/wp\/v2\/comments?post=1403"}],"version-history":[{"count":2,"href":"https:\/\/restaurant-vitre.fr\/en\/wp-json\/wp\/v2\/pages\/1403\/revisions"}],"predecessor-version":[{"id":1541,"href":"https:\/\/restaurant-vitre.fr\/en\/wp-json\/wp\/v2\/pages\/1403\/revisions\/1541"}],"wp:featuredmedia":[{"embeddable":true,"href":"https:\/\/restaurant-vitre.fr\/en\/wp-json\/wp\/v2\/media\/1376"}],"wp:attachment":[{"href":"https:\/\/restaurant-vitre.fr\/en\/wp-json\/wp\/v2\/media?parent=1403"}],"curies":[{"name":"wp","href":"https:\/\/api.w.org\/{rel}","templated":true}]}}