{"id":1390,"date":"2025-08-11T16:44:06","date_gmt":"2025-08-11T14:44:06","guid":{"rendered":"https:\/\/maquette.restaurant-vitre.fr\/menus\/"},"modified":"2026-03-22T09:25:53","modified_gmt":"2026-03-22T08:25:53","slug":"menus","status":"publish","type":"page","link":"https:\/\/restaurant-vitre.fr\/en\/menus\/","title":{"rendered":"Menus &#8211; La Soupe aux choux"},"content":{"rendered":"\n<div class=\"wp-block-uagb-container uagb-layout-flex uagb-block-f2002f91 alignfull uagb-is-root-container\"><div class=\"uagb-container-inner-blocks-wrap\">\n<h1 class=\"wp-block-heading has-text-align-center has-ast-global-color-7-color has-text-color has-link-color wp-elements-017dacb46db3ab4afe56457196d7c352\" style=\"font-size:50px\">Menus<\/h1>\n<\/div><\/div>\n\n\n\n<div class=\"wp-block-uagb-container uagb-layout-flex uagb-block-c3878d39 alignfull uagb-is-root-container\"><div class=\"uagb-container-inner-blocks-wrap\">\n<div class=\"wp-block-uagb-advanced-heading uagb-block-e9d019cb\"><h2 class=\"uagb-heading-text\">Menu 35 euros : Appetizers, dishes, dessert<\/h2><\/div>\n\n\n\n<div class=\"wp-block-uagb-advanced-heading uagb-block-5edff06a\"><p class=\"uagb-heading-text\"><small><strong>or 41 euros with sweetbreads, or veal chop or sea bass fillet, or &#8220;\u00e0 la carte&#8221; (drinks not included)<\/strong><\/small><\/p><\/div>\n\n\n\n<div class=\"wp-block-uagb-container uagb-block-b7e80514\">\n<div class=\"wp-block-uagb-advanced-heading uagb-block-a59118de\"><h2 class=\"uagb-heading-text\">Appetizers<\/h2><\/div>\n\n\n\n<figure class=\"wp-block-table is-style-stripes\"><table class=\"has-fixed-layout\"><tbody><tr><td><strong>White asparagus, poached egg <\/strong><br><strong>and smoked salmon, mustard cream<\/strong><\/td><td class=\"has-text-align-right\" data-align=\"right\">\u00a014.00\u20ac<\/td><\/tr><tr><td><strong>Stuffed mushroom with ham <\/strong><br><strong>and Comt\u00e9 cheese, snails in garlic cream<\/strong><\/td><td class=\"has-text-align-right\" data-align=\"right\">13.00\u20ac<\/td><\/tr><tr><td><strong>Crab and shrimp cannelloni, <\/strong><br><strong>honey and ginger vinaigrette<\/strong><\/td><td class=\"has-text-align-right\" data-align=\"right\">14.00\u20ac<\/td><\/tr><\/tbody><\/table><\/figure>\n<\/div>\n\n\n\n<div class=\"wp-block-uagb-container uagb-block-1cbcc978\">\n<div class=\"wp-block-uagb-advanced-heading uagb-block-8d47effd\"><h2 class=\"uagb-heading-text\">Dishes<\/h2><\/div>\n\n\n\n<figure class=\"wp-block-table is-style-stripes\"><table class=\"has-fixed-layout\"><tbody><tr><td><strong>Crispy sweetbreads, <br>carbonara-style tortiglioni<\/strong><\/td><td class=\"has-text-align-right\" data-align=\"right\">&nbsp;25.00\u20ac<\/td><\/tr><tr><td><strong>Salmon steak, seaweed crumble, <br>mashed potatoes and andouille sausage<\/strong><\/td><td class=\"has-text-align-right\" data-align=\"right\">21.00\u20ac<\/td><\/tr><tr><td><strong>Veal chop, orange and carrot sauce, oyster mushrooms and green vegetables<\/strong><\/td><td class=\"has-text-align-right\" data-align=\"right\">20.00\u20ac<\/td><\/tr><tr><td><strong>Caramelized pork ribs, <\/strong><br><strong>pan-fried dried fruit, tagliatelle<\/strong><\/td><td class=\"has-text-align-right\" data-align=\"right\">20.00\u20ac<\/td><\/tr><tr><td><strong>Sea bass fillet with green <br>asparagus and beurre blanc<\/strong><\/td><td class=\"has-text-align-right\" data-align=\"right\">23.00\u20ac<\/td><\/tr><\/tbody><\/table><\/figure>\n<\/div>\n\n\n\n<div class=\"wp-block-uagb-container uagb-block-40581609\">\n<div class=\"wp-block-uagb-advanced-heading uagb-block-fb64b5ab\"><h2 class=\"uagb-heading-text\">Desserts<\/h2><\/div>\n\n\n\n<figure class=\"wp-block-table is-style-stripes\"><table class=\"has-fixed-layout\"><tbody><tr><td><strong>Assortment of matured cheeses<br>from \u2018Maison Bal\u00e9\u2019<\/strong><\/td><td class=\"has-text-align-right\" data-align=\"right\">&nbsp;8.00\u20ac<\/td><\/tr><tr><td><strong>Trilogy of cr\u00e8me br\u00fbl\u00e9e &#8220;Bailey&#8217;s, <br>Grand Marnier, Rum&#8221; (Discovery)<\/strong><\/td><td class=\"has-text-align-right\" data-align=\"right\">8.00\u20ac<\/td><\/tr><tr><td><strong>Lemon meringue pie, <br>revisited two ways<\/strong><\/td><td class=\"has-text-align-right\" data-align=\"right\">8.00\u20ac<\/td><\/tr><tr><td><strong>Chocolate and raspberry molten center <\/strong><br><strong>(10 minutes baking time)<\/strong><\/td><td class=\"has-text-align-right\" data-align=\"right\">8.00\u20ac<\/td><\/tr><\/tbody><\/table><\/figure>\n<\/div>\n<\/div><\/div>\n\n\n\n<div style=\"height:10px\" aria-hidden=\"true\" class=\"wp-block-spacer\"><\/div>\n","protected":false},"excerpt":{"rendered":"<p>Menus Menu 35 euros : Appetizers, dishes, dessert or 41 euros with sweetbreads, or veal chop or sea bass fillet, or &#8220;\u00e0 la carte&#8221; (drinks not included) Appetizers White asparagus, poached egg and smoked salmon, mustard cream \u00a014.00\u20ac Stuffed mushroom with ham and Comt\u00e9 cheese, snails in garlic cream 13.00\u20ac Crab and shrimp cannelloni, honey [&hellip;]<\/p>\n","protected":false},"author":1,"featured_media":1382,"parent":0,"menu_order":0,"comment_status":"closed","ping_status":"closed","template":"","meta":{"_uag_custom_page_level_css":"","site-sidebar-layout":"no-sidebar","site-content-layout":"plain-container","ast-site-content-layout":"normal-width-container","site-content-style":"unboxed","site-sidebar-style":"unboxed","ast-global-header-display":"","ast-banner-title-visibility":"","ast-main-header-display":"","ast-hfb-above-header-display":"","ast-hfb-below-header-display":"","ast-hfb-mobile-header-display":"","site-post-title":"disabled","ast-breadcrumbs-content":"","ast-featured-img":"disabled","footer-sml-layout":"","ast-disable-related-posts":"","theme-transparent-header-meta":"enabled","adv-header-id-meta":"","stick-header-meta":"","header-above-stick-meta":"","header-main-stick-meta":"","header-below-stick-meta":"","astra-migrate-meta-layouts":"set","ast-page-background-enabled":"default","ast-page-background-meta":{"desktop":{"background-color":"var(--ast-global-color-4)","background-image":"","background-repeat":"repeat","background-position":"center center","background-size":"auto","background-attachment":"scroll","background-type":"","background-media":"","overlay-type":"","overlay-color":"","overlay-opacity":"","overlay-gradient":""},"tablet":{"background-color":"","background-image":"","background-repeat":"repeat","background-position":"center center","background-size":"auto","background-attachment":"scroll","background-type":"","background-media":"","overlay-type":"","overlay-color":"","overlay-opacity":"","overlay-gradient":""},"mobile":{"background-color":"","background-image":"","background-repeat":"repeat","background-position":"center center","background-size":"auto","background-attachment":"scroll","background-type":"","background-media":"","overlay-type":"","overlay-color":"","overlay-opacity":"","overlay-gradient":""}},"ast-content-background-meta":{"desktop":{"background-color":"var(--ast-global-color-5)","background-image":"","background-repeat":"repeat","background-position":"center center","background-size":"auto","background-attachment":"scroll","background-type":"","background-media":"","overlay-type":"","overlay-color":"","overlay-opacity":"","overlay-gradient":""},"tablet":{"background-color":"var(--ast-global-color-5)","background-image":"","background-repeat":"repeat","background-position":"center center","background-size":"auto","background-attachment":"scroll","background-type":"","background-media":"","overlay-type":"","overlay-color":"","overlay-opacity":"","overlay-gradient":""},"mobile":{"background-color":"var(--ast-global-color-5)","background-image":"","background-repeat":"repeat","background-position":"center center","background-size":"auto","background-attachment":"scroll","background-type":"","background-media":"","overlay-type":"","overlay-color":"","overlay-opacity":"","overlay-gradient":""}},"_vp_format_video_url":"","_vp_image_focal_point":[],"footnotes":""},"class_list":["post-1390","page","type-page","status-publish","has-post-thumbnail","hentry"],"yoast_head":"<!-- This site is optimized with the Yoast SEO plugin v27.3 - https:\/\/yoast.com\/product\/yoast-seo-wordpress\/ -->\n<title>Menus - La Soupe aux choux - La soupe aux choux - Restaurant<\/title>\n<meta name=\"robots\" content=\"index, follow, max-snippet:-1, max-image-preview:large, max-video-preview:-1\" \/>\n<link rel=\"canonical\" href=\"https:\/\/restaurant-vitre.fr\/en\/menus\/\" \/>\n<meta property=\"og:locale\" content=\"en_US\" \/>\n<meta property=\"og:type\" content=\"article\" \/>\n<meta property=\"og:title\" content=\"Menus - La Soupe aux choux - La soupe aux choux - Restaurant\" \/>\n<meta property=\"og:description\" content=\"Menus Menu 35 euros : Appetizers, dishes, dessert or 41 euros with sweetbreads, or veal chop or sea bass fillet, or &#8220;\u00e0 la carte&#8221; (drinks not included) Appetizers White asparagus, poached egg and smoked salmon, mustard cream \u00a014.00\u20ac Stuffed mushroom with ham and Comt\u00e9 cheese, snails in garlic cream 13.00\u20ac Crab and shrimp cannelloni, honey [&hellip;]\" \/>\n<meta property=\"og:url\" content=\"https:\/\/restaurant-vitre.fr\/en\/menus\/\" \/>\n<meta property=\"og:site_name\" content=\"La soupe aux choux - Restaurant\" \/>\n<meta property=\"article:modified_time\" content=\"2026-03-22T08:25:53+00:00\" \/>\n<meta property=\"og:image\" content=\"https:\/\/restaurant-vitre.fr\/wp-content\/uploads\/2025\/08\/meat4.jpg\" \/>\n\t<meta property=\"og:image:width\" content=\"1920\" \/>\n\t<meta property=\"og:image:height\" content=\"1080\" \/>\n\t<meta property=\"og:image:type\" content=\"image\/jpeg\" \/>\n<script type=\"application\/ld+json\" class=\"yoast-schema-graph\">{\"@context\":\"https:\\\/\\\/schema.org\",\"@graph\":[{\"@type\":\"WebPage\",\"@id\":\"https:\\\/\\\/restaurant-vitre.fr\\\/en\\\/menus\\\/\",\"url\":\"https:\\\/\\\/restaurant-vitre.fr\\\/en\\\/menus\\\/\",\"name\":\"Menus - La Soupe aux choux - La soupe aux choux - Restaurant\",\"isPartOf\":{\"@id\":\"https:\\\/\\\/restaurant-vitre.fr\\\/en\\\/#website\"},\"primaryImageOfPage\":{\"@id\":\"https:\\\/\\\/restaurant-vitre.fr\\\/en\\\/menus\\\/#primaryimage\"},\"image\":{\"@id\":\"https:\\\/\\\/restaurant-vitre.fr\\\/en\\\/menus\\\/#primaryimage\"},\"thumbnailUrl\":\"https:\\\/\\\/restaurant-vitre.fr\\\/wp-content\\\/uploads\\\/2025\\\/08\\\/27785208_10214598554138670_1732979132_o.jpg\",\"datePublished\":\"2025-08-11T14:44:06+00:00\",\"dateModified\":\"2026-03-22T08:25:53+00:00\",\"breadcrumb\":{\"@id\":\"https:\\\/\\\/restaurant-vitre.fr\\\/en\\\/menus\\\/#breadcrumb\"},\"inLanguage\":\"en-US\",\"potentialAction\":[{\"@type\":\"ReadAction\",\"target\":[\"https:\\\/\\\/restaurant-vitre.fr\\\/en\\\/menus\\\/\"]}]},{\"@type\":\"ImageObject\",\"inLanguage\":\"en-US\",\"@id\":\"https:\\\/\\\/restaurant-vitre.fr\\\/en\\\/menus\\\/#primaryimage\",\"url\":\"https:\\\/\\\/restaurant-vitre.fr\\\/wp-content\\\/uploads\\\/2025\\\/08\\\/27785208_10214598554138670_1732979132_o.jpg\",\"contentUrl\":\"https:\\\/\\\/restaurant-vitre.fr\\\/wp-content\\\/uploads\\\/2025\\\/08\\\/27785208_10214598554138670_1732979132_o.jpg\",\"width\":2048,\"height\":1365},{\"@type\":\"BreadcrumbList\",\"@id\":\"https:\\\/\\\/restaurant-vitre.fr\\\/en\\\/menus\\\/#breadcrumb\",\"itemListElement\":[{\"@type\":\"ListItem\",\"position\":1,\"name\":\"Accueil\",\"item\":\"https:\\\/\\\/restaurant-vitre.fr\\\/en\\\/\"},{\"@type\":\"ListItem\",\"position\":2,\"name\":\"Menus &#8211; La Soupe aux choux\"}]},{\"@type\":\"WebSite\",\"@id\":\"https:\\\/\\\/restaurant-vitre.fr\\\/en\\\/#website\",\"url\":\"https:\\\/\\\/restaurant-vitre.fr\\\/en\\\/\",\"name\":\"La soupe aux choux - Restaurant\",\"description\":\"\",\"publisher\":{\"@id\":\"https:\\\/\\\/restaurant-vitre.fr\\\/en\\\/#organization\"},\"potentialAction\":[{\"@type\":\"SearchAction\",\"target\":{\"@type\":\"EntryPoint\",\"urlTemplate\":\"https:\\\/\\\/restaurant-vitre.fr\\\/en\\\/?s={search_term_string}\"},\"query-input\":{\"@type\":\"PropertyValueSpecification\",\"valueRequired\":true,\"valueName\":\"search_term_string\"}}],\"inLanguage\":\"en-US\"},{\"@type\":\"Organization\",\"@id\":\"https:\\\/\\\/restaurant-vitre.fr\\\/en\\\/#organization\",\"name\":\"La soupe aux choux\",\"url\":\"https:\\\/\\\/restaurant-vitre.fr\\\/en\\\/\",\"logo\":{\"@type\":\"ImageObject\",\"inLanguage\":\"en-US\",\"@id\":\"https:\\\/\\\/restaurant-vitre.fr\\\/en\\\/#\\\/schema\\\/logo\\\/image\\\/\",\"url\":\"https:\\\/\\\/restaurant-vitre.fr\\\/wp-content\\\/uploads\\\/2025\\\/08\\\/logo-la-soupe-aux-choux.png\",\"contentUrl\":\"https:\\\/\\\/restaurant-vitre.fr\\\/wp-content\\\/uploads\\\/2025\\\/08\\\/logo-la-soupe-aux-choux.png\",\"width\":207,\"height\":207,\"caption\":\"La soupe aux choux\"},\"image\":{\"@id\":\"https:\\\/\\\/restaurant-vitre.fr\\\/en\\\/#\\\/schema\\\/logo\\\/image\\\/\"}}]}<\/script>\n<!-- \/ Yoast SEO plugin. -->","yoast_head_json":{"title":"Menus - La Soupe aux choux - La soupe aux choux - Restaurant","robots":{"index":"index","follow":"follow","max-snippet":"max-snippet:-1","max-image-preview":"max-image-preview:large","max-video-preview":"max-video-preview:-1"},"canonical":"https:\/\/restaurant-vitre.fr\/en\/menus\/","og_locale":"en_US","og_type":"article","og_title":"Menus - La Soupe aux choux - La soupe aux choux - Restaurant","og_description":"Menus Menu 35 euros : Appetizers, dishes, dessert or 41 euros with sweetbreads, or veal chop or sea bass fillet, or &#8220;\u00e0 la carte&#8221; (drinks not included) Appetizers White asparagus, poached egg and smoked salmon, mustard cream \u00a014.00\u20ac Stuffed mushroom with ham and Comt\u00e9 cheese, snails in garlic cream 13.00\u20ac Crab and shrimp cannelloni, honey [&hellip;]","og_url":"https:\/\/restaurant-vitre.fr\/en\/menus\/","og_site_name":"La soupe aux choux - Restaurant","article_modified_time":"2026-03-22T08:25:53+00:00","og_image":[{"width":1920,"height":1080,"url":"https:\/\/restaurant-vitre.fr\/wp-content\/uploads\/2025\/08\/meat4.jpg","type":"image\/jpeg"}],"schema":{"@context":"https:\/\/schema.org","@graph":[{"@type":"WebPage","@id":"https:\/\/restaurant-vitre.fr\/en\/menus\/","url":"https:\/\/restaurant-vitre.fr\/en\/menus\/","name":"Menus - La Soupe aux choux - La soupe aux choux - Restaurant","isPartOf":{"@id":"https:\/\/restaurant-vitre.fr\/en\/#website"},"primaryImageOfPage":{"@id":"https:\/\/restaurant-vitre.fr\/en\/menus\/#primaryimage"},"image":{"@id":"https:\/\/restaurant-vitre.fr\/en\/menus\/#primaryimage"},"thumbnailUrl":"https:\/\/restaurant-vitre.fr\/wp-content\/uploads\/2025\/08\/27785208_10214598554138670_1732979132_o.jpg","datePublished":"2025-08-11T14:44:06+00:00","dateModified":"2026-03-22T08:25:53+00:00","breadcrumb":{"@id":"https:\/\/restaurant-vitre.fr\/en\/menus\/#breadcrumb"},"inLanguage":"en-US","potentialAction":[{"@type":"ReadAction","target":["https:\/\/restaurant-vitre.fr\/en\/menus\/"]}]},{"@type":"ImageObject","inLanguage":"en-US","@id":"https:\/\/restaurant-vitre.fr\/en\/menus\/#primaryimage","url":"https:\/\/restaurant-vitre.fr\/wp-content\/uploads\/2025\/08\/27785208_10214598554138670_1732979132_o.jpg","contentUrl":"https:\/\/restaurant-vitre.fr\/wp-content\/uploads\/2025\/08\/27785208_10214598554138670_1732979132_o.jpg","width":2048,"height":1365},{"@type":"BreadcrumbList","@id":"https:\/\/restaurant-vitre.fr\/en\/menus\/#breadcrumb","itemListElement":[{"@type":"ListItem","position":1,"name":"Accueil","item":"https:\/\/restaurant-vitre.fr\/en\/"},{"@type":"ListItem","position":2,"name":"Menus &#8211; La Soupe aux choux"}]},{"@type":"WebSite","@id":"https:\/\/restaurant-vitre.fr\/en\/#website","url":"https:\/\/restaurant-vitre.fr\/en\/","name":"La soupe aux choux - Restaurant","description":"","publisher":{"@id":"https:\/\/restaurant-vitre.fr\/en\/#organization"},"potentialAction":[{"@type":"SearchAction","target":{"@type":"EntryPoint","urlTemplate":"https:\/\/restaurant-vitre.fr\/en\/?s={search_term_string}"},"query-input":{"@type":"PropertyValueSpecification","valueRequired":true,"valueName":"search_term_string"}}],"inLanguage":"en-US"},{"@type":"Organization","@id":"https:\/\/restaurant-vitre.fr\/en\/#organization","name":"La soupe aux choux","url":"https:\/\/restaurant-vitre.fr\/en\/","logo":{"@type":"ImageObject","inLanguage":"en-US","@id":"https:\/\/restaurant-vitre.fr\/en\/#\/schema\/logo\/image\/","url":"https:\/\/restaurant-vitre.fr\/wp-content\/uploads\/2025\/08\/logo-la-soupe-aux-choux.png","contentUrl":"https:\/\/restaurant-vitre.fr\/wp-content\/uploads\/2025\/08\/logo-la-soupe-aux-choux.png","width":207,"height":207,"caption":"La soupe aux choux"},"image":{"@id":"https:\/\/restaurant-vitre.fr\/en\/#\/schema\/logo\/image\/"}}]}},"uagb_featured_image_src":{"full":["https:\/\/restaurant-vitre.fr\/wp-content\/uploads\/2025\/08\/27785208_10214598554138670_1732979132_o.jpg",2048,1365,false],"thumbnail":["https:\/\/restaurant-vitre.fr\/wp-content\/uploads\/2025\/08\/27785208_10214598554138670_1732979132_o-150x150.jpg",150,150,true],"medium":["https:\/\/restaurant-vitre.fr\/wp-content\/uploads\/2025\/08\/27785208_10214598554138670_1732979132_o-300x200.jpg",300,200,true],"medium_large":["https:\/\/restaurant-vitre.fr\/wp-content\/uploads\/2025\/08\/27785208_10214598554138670_1732979132_o-768x512.jpg",768,512,true],"large":["https:\/\/restaurant-vitre.fr\/wp-content\/uploads\/2025\/08\/27785208_10214598554138670_1732979132_o-1024x683.jpg",1024,683,true],"1536x1536":["https:\/\/restaurant-vitre.fr\/wp-content\/uploads\/2025\/08\/27785208_10214598554138670_1732979132_o-1536x1024.jpg",1536,1024,true],"2048x2048":["https:\/\/restaurant-vitre.fr\/wp-content\/uploads\/2025\/08\/27785208_10214598554138670_1732979132_o.jpg",2048,1365,false],"vp_sm":["https:\/\/restaurant-vitre.fr\/wp-content\/uploads\/2025\/08\/27785208_10214598554138670_1732979132_o-500x333.jpg",500,333,true],"vp_md":["https:\/\/restaurant-vitre.fr\/wp-content\/uploads\/2025\/08\/27785208_10214598554138670_1732979132_o-800x533.jpg",800,533,true],"vp_lg":["https:\/\/restaurant-vitre.fr\/wp-content\/uploads\/2025\/08\/27785208_10214598554138670_1732979132_o-1280x853.jpg",1280,853,true],"vp_xl":["https:\/\/restaurant-vitre.fr\/wp-content\/uploads\/2025\/08\/27785208_10214598554138670_1732979132_o-1920x1280.jpg",1920,1280,true],"vp_sm_popup":["https:\/\/restaurant-vitre.fr\/wp-content\/uploads\/2025\/08\/27785208_10214598554138670_1732979132_o-500x333.jpg",500,333,true],"vp_md_popup":["https:\/\/restaurant-vitre.fr\/wp-content\/uploads\/2025\/08\/27785208_10214598554138670_1732979132_o-800x533.jpg",800,533,true],"vp_xl_popup":["https:\/\/restaurant-vitre.fr\/wp-content\/uploads\/2025\/08\/27785208_10214598554138670_1732979132_o-1920x1280.jpg",1920,1280,true]},"uagb_author_info":{"display_name":"ibw","author_link":"https:\/\/restaurant-vitre.fr\/en\/author\/ibw\/"},"uagb_comment_info":0,"uagb_excerpt":"Menus Menu 35 euros : Appetizers, dishes, dessert or 41 euros with sweetbreads, or veal chop or sea bass fillet, or &#8220;\u00e0 la carte&#8221; (drinks not included) Appetizers White asparagus, poached egg and smoked salmon, mustard cream \u00a014.00\u20ac Stuffed mushroom with ham and Comt\u00e9 cheese, snails in garlic cream 13.00\u20ac Crab and shrimp cannelloni, honey&hellip;","_links":{"self":[{"href":"https:\/\/restaurant-vitre.fr\/en\/wp-json\/wp\/v2\/pages\/1390","targetHints":{"allow":["GET"]}}],"collection":[{"href":"https:\/\/restaurant-vitre.fr\/en\/wp-json\/wp\/v2\/pages"}],"about":[{"href":"https:\/\/restaurant-vitre.fr\/en\/wp-json\/wp\/v2\/types\/page"}],"author":[{"embeddable":true,"href":"https:\/\/restaurant-vitre.fr\/en\/wp-json\/wp\/v2\/users\/1"}],"replies":[{"embeddable":true,"href":"https:\/\/restaurant-vitre.fr\/en\/wp-json\/wp\/v2\/comments?post=1390"}],"version-history":[{"count":13,"href":"https:\/\/restaurant-vitre.fr\/en\/wp-json\/wp\/v2\/pages\/1390\/revisions"}],"predecessor-version":[{"id":1586,"href":"https:\/\/restaurant-vitre.fr\/en\/wp-json\/wp\/v2\/pages\/1390\/revisions\/1586"}],"wp:featuredmedia":[{"embeddable":true,"href":"https:\/\/restaurant-vitre.fr\/en\/wp-json\/wp\/v2\/media\/1382"}],"wp:attachment":[{"href":"https:\/\/restaurant-vitre.fr\/en\/wp-json\/wp\/v2\/media?parent=1390"}],"curies":[{"name":"wp","href":"https:\/\/api.w.org\/{rel}","templated":true}]}}